{"id":1953,"date":"2023-03-21T04:55:45","date_gmt":"2023-03-21T04:55:45","guid":{"rendered":"https:\/\/plantillas-ortopedicas.com\/portal\/?page_id=1953"},"modified":"2023-03-21T05:21:01","modified_gmt":"2023-03-21T05:21:01","slug":"aviso-legal","status":"publish","type":"page","link":"https:\/\/plantillas-ortopedicas.com\/portal\/aviso-legal\/","title":{"rendered":"Aviso legal"},"content":{"rendered":"\t\t<div data-elementor-type=\"wp-page\" data-elementor-id=\"1953\" class=\"elementor elementor-1953\" data-elementor-post-type=\"page\">\n\t\t\t\t\t\t<section class=\"elementor-section elementor-top-section elementor-element elementor-element-30da8bb elementor-section-height-min-height elementor-section-boxed elementor-section-height-default elementor-section-items-middle\" data-id=\"30da8bb\" data-element_type=\"section\">\n\t\t\t\t\t\t<div class=\"elementor-container elementor-column-gap-default\">\n\t\t\t\t\t<div class=\"elementor-column elementor-col-100 elementor-top-column elementor-element elementor-element-c3ae755\" data-id=\"c3ae755\" data-element_type=\"column\">\n\t\t\t<div class=\"elementor-widget-wrap\">\n\t\t\t\t\t\t\t<\/div>\n\t\t<\/div>\n\t\t\t\t\t<\/div>\n\t\t<\/section>\n\t\t\t\t<section class=\"elementor-section elementor-top-section elementor-element elementor-element-084ce3c elementor-section-boxed elementor-section-height-default elementor-section-height-default\" data-id=\"084ce3c\" data-element_type=\"section\">\n\t\t\t\t\t\t<div class=\"elementor-container elementor-column-gap-default\">\n\t\t\t\t\t<div class=\"elementor-column elementor-col-100 elementor-top-column elementor-element elementor-element-12bd8ac\" data-id=\"12bd8ac\" data-element_type=\"column\">\n\t\t\t<div class=\"elementor-widget-wrap elementor-element-populated\">\n\t\t\t\t\t\t<div class=\"elementor-element elementor-element-17c3262 elementor-widget elementor-widget-heading\" data-id=\"17c3262\" data-element_type=\"widget\" data-widget_type=\"heading.default\">\n\t\t\t\t<div class=\"elementor-widget-container\">\n\t\t\t\t\t<h2 class=\"elementor-heading-title elementor-size-default\">Aviso legal<\/h2>\t\t\t\t<\/div>\n\t\t\t\t<\/div>\n\t\t\t\t<div class=\"elementor-element elementor-element-9a5b35a elementor-widget elementor-widget-text-editor\" data-id=\"9a5b35a\" data-element_type=\"widget\" data-widget_type=\"text-editor.default\">\n\t\t\t\t<div class=\"elementor-widget-container\">\n\t\t\t\t\t\t\t\t\t<p>AVISO LEGAL PARA EL SITIO WEB: GPO Plantillas Ortop\u00e9dicas<\/p><p>Todos los elementos que conforman el contenido de esta p\u00e1gina Web, identificada por el dominio www.plantillas-ortopedicas.com incluyendo los nombres comerciales, marcas o signos distintivos que figuran en la misma, est\u00e1n protegidos por las leyes sobre Propiedad Intelectual.<\/p><p>Los derechos de propiedad intelectual sobre los contenidos y dise\u00f1o gr\u00e1fico de esta p\u00e1gina Web pertenecen en exclusiva a GPO Plantillas Ortop\u00e9dicas, quedando expresamente prohibido su reenv\u00edo, transmisi\u00f3n, modificaci\u00f3n, reproducci\u00f3n, distribuci\u00f3n, comercializaci\u00f3n o transformaci\u00f3n sin la autorizaci\u00f3n expresa y escrita de GPO Plantillas Ortop\u00e9dicas.<\/p><p>En consecuencia, salvo el uso para fines personales o privados, al que expresamente se autoriza al usuario, constituir\u00e1 una infracci\u00f3n de los derechos de propiedad intelectual de GPO Plantillas Ortop\u00e9dicas, proceder, total o parcialmente, al reenv\u00edo, transmisi\u00f3n, modificaci\u00f3n, reproducci\u00f3n, distribuci\u00f3n, comercializaci\u00f3n y\/o transformaci\u00f3n de los contenidos de la presente p\u00e1gina Web, incurriendo el usuario en la responsabilidad correspondiente.<\/p><p>GPO Plantillas Ortop\u00e9dicas, se reserva el derecho a denegar en cualquier momento a su discreci\u00f3n, y sin previo aviso, el acceso de cualquier usuario a la presente p\u00e1gina Web o a una parte de la misma, cuando se efect\u00fae un uso indebido, il\u00edcito, ilegal o no autorizado de sus contenidos.<\/p><p>GPO Plantillas Ortop\u00e9dicas, se reserva igualmente el derecho a publicar o retirar, total o parcialmente, cualesquiera informaci\u00f3n o contenidos del servicio a su exclusiva discreci\u00f3n, quedando exonerado de cualquier responsabilidad por posibles da\u00f1os o perjuicios derivados de interferencias, interrupciones, desconexiones, virus inform\u00e1ticos, sobrecargas de l\u00edneas, aver\u00edas telef\u00f3nicas o del sistema de Internet o de otros sistemas electr\u00f3nicos, motivadas por causas ajenas a la misma.<\/p><p>GPO Plantillas Ortop\u00e9dicas, tratar\u00e1 de mantener la informaci\u00f3n contenida en la presente p\u00e1gina Web debidamente actualizada en la medida de sus posibilidades, quedando facultada para modificarla sin previo aviso a fin de corregir los eventuales errores que, en su caso, pudieren detectarse. Los datos referentes a los productos tienen car\u00e1cter informativo. Manteniendo siempre las caracter\u00edsticas b\u00e1sicas, nos reservamos el derecho de realizar, sin previo aviso, modificaciones t\u00e9cnicas, est\u00e9ticas o de otro tipo, por razones de evoluci\u00f3n de los productos en cuesti\u00f3n.<\/p><p>GPO Plantillas Ortop\u00e9dicas, no asume responsabilidad alguna sobre la veracidad de contenidos u otras fuentes de informaci\u00f3n de terceros a las que los usuarios pudieren tener acceso por medio de los links que figuren o pudieren figurar en sus p\u00e1ginas Web.<\/p><p>GPO Plantillas Ortop\u00e9dicas, tiene relaciones profesionales con m\u00e9dicos y especialistas ortop\u00e9dicos en otras partes de la rep\u00fablica mexicana, y nosotros solo fungimos como enlace y son estos m\u00e9dicos y\/o especialistas quienes ser\u00e1n responsables sobre el tratamiento y el visitante del portal que en cualesquier caso puede llegar a ser un paciente activo de estos m\u00e9dicos y\/o especialistas.<\/p><p>Asimismo, el paciente ser\u00e1 el responsable por aceptar el tratamiento que estos m\u00e9dicos y\/o especialistas ortop\u00e9dicos le ofrezcan y brinden.<\/p><p>Cookies<\/p><p>Las cookies son peque\u00f1os ficheros de informaci\u00f3n alojados en la terminal del propio usuario que sirven para facilitar la navegaci\u00f3n por el portal. Sea como fuere, el usuario tiene la posibilidad de configurar su navegador para impedir que dichos ficheros se instalen.<\/p><p>Medidas de seguridad<\/p><p>GPO Plantillas Ortop\u00e9dicas, ha tomado las medidas de seguridad necesarias para proteger datos personales. Adem\u00e1s, tratamos de instalar otras medidas y recursos t\u00e9cnicos a nuestra disposici\u00f3n para almacenar correctamente los datos proporcionados a GPO Plantillas Ortop\u00e9dicas, y para que nadie pueda utilizarlos con mala fe, modificarlos, perderlos, utilizarlos sin permiso o robarlos. GPO Plantillas Ortop\u00e9dicas no ser\u00e1 responsable de ning\u00fan da\u00f1o si ha sido causado por las siguientes causas y si el causante es ajeno a GPO Plantillas Ortop\u00e9dicas: interferencia, omisi\u00f3n, interrupci\u00f3n, virus inform\u00e1tico, aver\u00eda telef\u00f3nica o desconexi\u00f3n del sistema electr\u00f3nico; retrasos u obst\u00e1culos para utilizar el sistema electr\u00f3nico por sobrecarga en las l\u00edneas telef\u00f3nicas o en otros sistemas electr\u00f3nicos.<\/p><p>Adem\u00e1s de lo anterior, GPO Plantillas Ortop\u00e9dicas tampoco ser\u00e1 responsable si alguien fuera de su control manipula los datos. De todos modos, el Usuario debe saber que las medidas de seguridad de internet no son infranqueables.<\/p><p>Aceptaci\u00f3n y consentimiento<\/p><p>El usuario debe estar al corriente de las condiciones para la protecci\u00f3n de datos y del tratamiento para tales efectos de GPO Plantillas Ortop\u00e9dicas, Algunos de los servicios ofertados en el portal pueden tener condiciones especiales y supuestos espec\u00edficos en cuanto a protecci\u00f3n de datos.<\/p><p>Para cuanto se refiere a la interpretaci\u00f3n, cumplimiento o incumplimiento de las presentes condiciones, los intervinientes se someten expresamente a la Jurisdicci\u00f3n de los Juzgados y Tribunales de M\u00e9xico, con renuncia tambi\u00e9n expresa a cualquier otro fuero propio que pudiera corresponderles.<\/p><p>\u201cGPO Plantillas Ortop\u00e9dicas, todos los derechos reservados\u201d<\/p>\t\t\t\t\t\t\t\t<\/div>\n\t\t\t\t<\/div>\n\t\t\t\t\t<\/div>\n\t\t<\/div>\n\t\t\t\t\t<\/div>\n\t\t<\/section>\n\t\t\t\t<\/div>\n\t\t","protected":false},"excerpt":{"rendered":"<p>Aviso legal AVISO LEGAL PARA EL SITIO WEB: GPO Plantillas Ortop\u00e9dicas Todos los elementos que conforman el contenido de esta p\u00e1gina Web, identificada por el dominio www.plantillas-ortopedicas.com incluyendo los nombres comerciales, marcas o signos distintivos que figuran en la misma, est\u00e1n protegidos por las leyes sobre Propiedad Intelectual. Los derechos de propiedad intelectual sobre los [&hellip;]<\/p>\n","protected":false},"author":1,"featured_media":0,"parent":0,"menu_order":0,"comment_status":"closed","ping_status":"open","template":"elementor_header_footer","meta":{"footnotes":""},"class_list":["post-1953","page","type-page","status-publish","hentry"],"_links":{"self":[{"href":"https:\/\/plantillas-ortopedicas.com\/portal\/wp-json\/wp\/v2\/pages\/1953","targetHints":{"allow":["GET"]}}],"collection":[{"href":"https:\/\/plantillas-ortopedicas.com\/portal\/wp-json\/wp\/v2\/pages"}],"about":[{"href":"https:\/\/plantillas-ortopedicas.com\/portal\/wp-json\/wp\/v2\/types\/page"}],"author":[{"embeddable":true,"href":"https:\/\/plantillas-ortopedicas.com\/portal\/wp-json\/wp\/v2\/users\/1"}],"replies":[{"embeddable":true,"href":"https:\/\/plantillas-ortopedicas.com\/portal\/wp-json\/wp\/v2\/comments?post=1953"}],"version-history":[{"count":26,"href":"https:\/\/plantillas-ortopedicas.com\/portal\/wp-json\/wp\/v2\/pages\/1953\/revisions"}],"predecessor-version":[{"id":1986,"href":"https:\/\/plantillas-ortopedicas.com\/portal\/wp-json\/wp\/v2\/pages\/1953\/revisions\/1986"}],"wp:attachment":[{"href":"https:\/\/plantillas-ortopedicas.com\/portal\/wp-json\/wp\/v2\/media?parent=1953"}],"curies":[{"name":"wp","href":"https:\/\/api.w.org\/{rel}","templated":true}]}}